{"id":227393,"date":"2023-06-09T12:10:53","date_gmt":"2023-06-09T11:10:53","guid":{"rendered":"http:\/\/topnova.properties\/juridique\/"},"modified":"2023-06-09T12:10:53","modified_gmt":"2023-06-09T11:10:53","slug":"juridique","status":"publish","type":"page","link":"https:\/\/topnova.properties\/fr\/juridique\/","title":{"rendered":"Juridique"},"content":{"rendered":"\t\t<div data-elementor-type=\"wp-page\" data-elementor-id=\"227393\" class=\"elementor elementor-227393 elementor-226536\">\n\t\t\t\t\t\t<section class=\"elementor-section elementor-top-section elementor-element elementor-element-00bf934 elementor-section-boxed elementor-section-height-default elementor-section-height-default\" data-id=\"00bf934\" data-element_type=\"section\" data-e-type=\"section\">\n\t\t\t\t\t\t<div class=\"elementor-container elementor-column-gap-default\">\n\t\t\t\t\t<div class=\"elementor-column elementor-col-100 elementor-top-column elementor-element elementor-element-443e384\" data-id=\"443e384\" data-element_type=\"column\" data-e-type=\"column\">\n\t\t\t<div class=\"elementor-widget-wrap elementor-element-populated\">\n\t\t\t\t\t\t<div class=\"elementor-element elementor-element-dfd6754 elementor-widget elementor-widget-text-editor\" data-id=\"dfd6754\" data-element_type=\"widget\" data-e-type=\"widget\" data-widget_type=\"text-editor.default\">\n\t\t\t\t<div class=\"elementor-widget-container\">\n\t\t\t\t\t\t\t\t\t<h1>Politique de confidentialit\u00e9 de Top Nova Properties<\/h1>\n<p>Sur topnova.properties, accessible \u00e0 partir de http:\/\/topnova.properties\/, l&#8217;une de nos principales priorit\u00e9s est la protection de la vie priv\u00e9e de nos visiteurs. Le pr\u00e9sent document de politique de confidentialit\u00e9 contient les types d&#8217;informations collect\u00e9es et enregistr\u00e9es par topnova.properties et la mani\u00e8re dont nous les utilisons.<\/p>\n<p>Si vous avez des questions suppl\u00e9mentaires ou si vous souhaitez obtenir plus d&#8217;informations sur notre politique de protection de la vie priv\u00e9e, n&#8217;h\u00e9sitez pas \u00e0 nous contacter. Notre politique de confidentialit\u00e9 a \u00e9t\u00e9 \u00e9labor\u00e9e avec l&#8217;aide de <a href=\"https:\/\/www.termsfeed.com\/privacy-policy-generator\/\" target=\"_blank\" rel=\"noopener\">GDPR Privacy Policy Generator<\/a><\/p>\n<h2>R\u00e8glement g\u00e9n\u00e9ral sur la protection des donn\u00e9es (RGPD)<\/h2>\n<p>Nous sommes un contr\u00f4leur de donn\u00e9es de vos informations.<\/p>\n<p>La base juridique de Top Nova Properties pour la collecte et l&#8217;utilisation des informations personnelles d\u00e9crites dans la pr\u00e9sente politique de confidentialit\u00e9 d\u00e9pend des informations personnelles que nous recueillons et du contexte sp\u00e9cifique dans lequel nous recueillons les informations :<\/p>\n<ul>\n<li>Top Nova Properties a besoin d&#8217;ex\u00e9cuter un contrat avec vous<\/li>\n<li>Vous avez donn\u00e9 \u00e0 Top Nova Properties l&#8217;autorisation de le faire<\/li>\n<li>Le traitement de vos informations personnelles est dans l&#8217;int\u00e9r\u00eat l\u00e9gitime de Top Nova Properties<\/li>\n<li>Top Nova Properties doit se conformer \u00e0 la loi<\/li>\n<\/ul>\n<p>Top Nova Properties ne conservera vos informations personnelles que pour la dur\u00e9e n\u00e9cessaire aux fins \u00e9nonc\u00e9es dans la pr\u00e9sente politique de confidentialit\u00e9. Nous conserverons et utiliserons vos informations dans la mesure n\u00e9cessaire pour nous conformer \u00e0 nos obligations l\u00e9gales, r\u00e9soudre les litiges et appliquer nos politiques.<\/p>\n<p>Si vous r\u00e9sidez dans l&#8217;Espace \u00e9conomique europ\u00e9en (EEE), vous disposez de certains droits en mati\u00e8re de protection des donn\u00e9es. Si vous souhaitez \u00eatre inform\u00e9 des informations personnelles que nous d\u00e9tenons \u00e0 votre sujet et si vous souhaitez qu&#8217;elles soient supprim\u00e9es de nos syst\u00e8mes, veuillez nous contacter.<\/p>\n<p>Dans certaines circonstances, vous disposez des droits suivants en mati\u00e8re de protection des donn\u00e9es :<\/p>\n<ul>\n<li>Le droit d&#8217;acc\u00e9der, de mettre \u00e0 jour ou de supprimer les informations dont nous disposons \u00e0 votre sujet.<\/li>\n<li>Le droit de rectification.<\/li>\n<li>Le droit d&#8217;opposition.<\/li>\n<li>Le droit de restriction.<\/li>\n<li>Le droit \u00e0 la portabilit\u00e9 des donn\u00e9es<\/li>\n<li>Le droit de retirer son consentement<\/li>\n<\/ul>\n<h2>Fichiers journaux<\/h2>\n<p>topnova.properties suit une proc\u00e9dure standard d&#8217;utilisation des fichiers journaux. Ces fichiers enregistrent les visiteurs lorsqu&#8217;ils visitent des sites web. Tous les h\u00e9bergeurs le font et cela fait partie des analyses des services d&#8217;h\u00e9bergement. Les informations collect\u00e9es par les fichiers journaux comprennent les adresses de protocole Internet (IP), le type de navigateur, le fournisseur d&#8217;acc\u00e8s Internet (FAI), la date et l&#8217;heure, les pages de renvoi et de sortie, et \u00e9ventuellement le nombre de clics. Elles ne sont pas li\u00e9es \u00e0 des informations personnellement identifiables. L&#8217;objectif de ces informations est d&#8217;analyser les tendances, d&#8217;administrer le site, de suivre les mouvements des utilisateurs sur le site et de recueillir des informations d\u00e9mographiques.<\/p>\n<h2>Politiques de confidentialit\u00e9<\/h2>\n<p>Vous pouvez consulter cette liste pour trouver la politique de confidentialit\u00e9 de chacun des partenaires publicitaires de topnova.properties.<\/p>\n<p>Les serveurs publicitaires tiers ou les r\u00e9seaux publicitaires utilisent des technologies telles que les cookies, le JavaScript ou les balises Web qui sont utilis\u00e9es dans leurs publicit\u00e9s et liens respectifs qui apparaissent sur topnova.properties, et qui sont envoy\u00e9s directement au navigateur de l&#8217;utilisateur. Ils re\u00e7oivent automatiquement votre adresse IP lorsque cela se produit. Ces technologies sont utilis\u00e9es pour mesurer l&#8217;efficacit\u00e9 de leurs campagnes publicitaires et\/ou pour personnaliser le contenu publicitaire que vous voyez sur les sites web que vous visitez.<\/p>\n<p>Notez que topnova.properties n&#8217;a aucun acc\u00e8s ou contr\u00f4le sur ces cookies utilis\u00e9s par des annonceurs tiers.<\/p>\n<h2>Politiques de confidentialit\u00e9 des tiers<\/h2>\n<p>La politique de confidentialit\u00e9 de topnova.properties ne s&#8217;applique pas \u00e0 d&#8217;autres annonceurs ou sites web. Nous vous conseillons donc de consulter les politiques de confidentialit\u00e9 respectives de ces serveurs publicitaires tiers pour obtenir des informations plus d\u00e9taill\u00e9es. Elle peut inclure leurs pratiques et des instructions sur la mani\u00e8re de refuser certaines options.<\/p>\n<p>Vous pouvez choisir de d\u00e9sactiver les cookies par le biais des options de votre navigateur. Pour obtenir des informations plus d\u00e9taill\u00e9es sur la gestion des cookies avec des navigateurs web sp\u00e9cifiques, vous pouvez consulter les sites web respectifs de ces navigateurs.<\/p>\n<h2>Informations pour les enfants<\/h2>\n<p>Une autre de nos priorit\u00e9s est d&#8217;ajouter une protection pour les enfants lorsqu&#8217;ils utilisent l&#8217;internet. Nous encourageons les parents et les tuteurs \u00e0 observer leurs activit\u00e9s en ligne, \u00e0 y participer et\/ou \u00e0 les surveiller et \u00e0 les guider.<\/p>\n<p>topnova.properties ne recueille pas sciemment d&#8217;informations personnelles identifiables aupr\u00e8s d&#8217;enfants de moins de 13 ans. Si vous pensez que votre enfant a fourni ce type d&#8217;informations sur notre site web, nous vous encourageons vivement \u00e0 nous contacter imm\u00e9diatement et nous ferons tout notre possible pour supprimer rapidement ces informations de nos dossiers.<\/p>\n<h2>Politique de confidentialit\u00e9 en ligne uniquement<\/h2>\n<p>Notre politique de confidentialit\u00e9 s&#8217;applique uniquement \u00e0 nos activit\u00e9s en ligne et est valable pour les visiteurs de notre site web en ce qui concerne les informations qu&#8217;ils ont partag\u00e9es et\/ou collect\u00e9es sur topnova.properties. Cette politique ne s&#8217;applique pas aux informations collect\u00e9es hors ligne ou par d&#8217;autres canaux que le pr\u00e9sent site web.<\/p>\n<h2>Consentement<\/h2>\n<p>En utilisant notre site web, vous consentez par la pr\u00e9sente \u00e0 notre politique de confidentialit\u00e9 et en acceptez les termes.<\/p>\n\t\t\t\t\t\t\t\t<\/div>\n\t\t\t\t<\/div>\n\t\t\t\t\t<\/div>\n\t\t<\/div>\n\t\t\t\t\t<\/div>\n\t\t<\/section>\n\t\t\t\t<\/div>\n\t\t","protected":false},"excerpt":{"rendered":"<p>Politique de confidentialit\u00e9 de Top Nova Properties Sur topnova.properties, accessible \u00e0 partir de http:\/\/topnova.properties\/, l&#8217;une de nos principales priorit\u00e9s est la protection de la vie priv\u00e9e de nos visiteurs. Le pr\u00e9sent document de politique de confidentialit\u00e9 contient les types d&#8217;informations collect\u00e9es et enregistr\u00e9es par topnova.properties et la mani\u00e8re dont nous les utilisons. Si vous avez [&hellip;]<\/p>\n","protected":false},"author":1,"featured_media":0,"parent":0,"menu_order":0,"comment_status":"closed","ping_status":"closed","template":"elementor_header_footer","meta":{"_acf_changed":false,"footnotes":""},"class_list":["post-227393","page","type-page","status-publish","hentry"],"acf":[],"_links":{"self":[{"href":"https:\/\/topnova.properties\/fr\/wp-json\/wp\/v2\/pages\/227393","targetHints":{"allow":["GET"]}}],"collection":[{"href":"https:\/\/topnova.properties\/fr\/wp-json\/wp\/v2\/pages"}],"about":[{"href":"https:\/\/topnova.properties\/fr\/wp-json\/wp\/v2\/types\/page"}],"author":[{"embeddable":true,"href":"https:\/\/topnova.properties\/fr\/wp-json\/wp\/v2\/users\/1"}],"replies":[{"embeddable":true,"href":"https:\/\/topnova.properties\/fr\/wp-json\/wp\/v2\/comments?post=227393"}],"version-history":[{"count":1,"href":"https:\/\/topnova.properties\/fr\/wp-json\/wp\/v2\/pages\/227393\/revisions"}],"predecessor-version":[{"id":227394,"href":"https:\/\/topnova.properties\/fr\/wp-json\/wp\/v2\/pages\/227393\/revisions\/227394"}],"wp:attachment":[{"href":"https:\/\/topnova.properties\/fr\/wp-json\/wp\/v2\/media?parent=227393"}],"curies":[{"name":"wp","href":"https:\/\/api.w.org\/{rel}","templated":true}]}}