{"id":226572,"date":"2023-05-19T16:20:56","date_gmt":"2023-05-19T16:20:56","guid":{"rendered":"http:\/\/topnova.properties\/legal\/"},"modified":"2023-05-19T16:20:57","modified_gmt":"2023-05-19T16:20:57","slug":"legal","status":"publish","type":"page","link":"https:\/\/topnova.properties\/es\/legal\/","title":{"rendered":"Legal"},"content":{"rendered":"\t\t<div data-elementor-type=\"wp-page\" data-elementor-id=\"226572\" class=\"elementor elementor-226572 elementor-226536\">\n\t\t\t\t\t\t<section class=\"elementor-section elementor-top-section elementor-element elementor-element-00bf934 elementor-section-boxed elementor-section-height-default elementor-section-height-default\" data-id=\"00bf934\" data-element_type=\"section\" data-e-type=\"section\">\n\t\t\t\t\t\t<div class=\"elementor-container elementor-column-gap-default\">\n\t\t\t\t\t<div class=\"elementor-column elementor-col-100 elementor-top-column elementor-element elementor-element-443e384\" data-id=\"443e384\" data-element_type=\"column\" data-e-type=\"column\">\n\t\t\t<div class=\"elementor-widget-wrap elementor-element-populated\">\n\t\t\t\t\t\t<div class=\"elementor-element elementor-element-dfd6754 elementor-widget elementor-widget-text-editor\" data-id=\"dfd6754\" data-element_type=\"widget\" data-e-type=\"widget\" data-widget_type=\"text-editor.default\">\n\t\t\t\t<div class=\"elementor-widget-container\">\n\t\t\t\t\t\t\t\t\t<h1>Pol\u00edtica de privacidad de Top Nova Properties<\/h1>\n<p>En topnova.properties, accesible desde http:\/\/topnova.properties\/, una de nuestras principales prioridades es la privacidad de nuestros visitantes. Este documento de Pol\u00edtica de Privacidad contiene tipos de informaci\u00f3n que es recogida y registrada por topnova.properties y c\u00f3mo la utilizamos.<\/p>\n<p>Si tiene m\u00e1s preguntas o necesita m\u00e1s informaci\u00f3n sobre nuestra Pol\u00edtica de Privacidad, no dude en ponerse en contacto con nosotros. Nuestra Pol\u00edtica de Privacidad fue generada con la ayuda del <a href=\"https:\/\/www.termsfeed.com\/privacy-policy-generator\/\" target=\"_blank\" rel=\"noopener\">Generador de Pol\u00edtica de Privacidad GDPR<\/a><\/p>\n<h2>Reglamento general de protecci\u00f3n de datos (RGPD)<\/h2>\n<p>Somos responsables del tratamiento de sus datos.<\/p>\n<p>La base legal de Top Nova Properties para recopilar y utilizar la informaci\u00f3n personal descrita en esta Pol\u00edtica de Privacidad depende de la Informaci\u00f3n Personal que recopilamos y del contexto espec\u00edfico en el que recopilamos la informaci\u00f3n:<\/p>\n<ul>\n<li>Top Nova Properties necesita realizar un contrato con usted<\/li>\n<li>Ha autorizado a Top Nova Properties a hacerlo<\/li>\n<li>El tratamiento de sus datos personales responde a los intereses leg\u00edtimos de Top Nova Properties<\/li>\n<li>Top Nova Properties debe cumplir la ley<\/li>\n<\/ul>\n<p>Top Nova Properties conservar\u00e1 su informaci\u00f3n personal s\u00f3lo durante el tiempo que sea necesario para los fines establecidos en la presente Pol\u00edtica de Privacidad. Conservaremos y utilizaremos su informaci\u00f3n en la medida necesaria para cumplir nuestras obligaciones legales, resolver litigios y hacer cumplir nuestras pol\u00edticas.<\/p>\n<p>Si reside en el Espacio Econ\u00f3mico Europeo (EEE), tiene determinados derechos en materia de protecci\u00f3n de datos. Si desea que le informemos de qu\u00e9 Datos Personales tenemos sobre usted y si quiere que los eliminemos de nuestros sistemas, p\u00f3ngase en contacto con nosotros.<\/p>\n<p>En determinadas circunstancias, usted tiene los siguientes derechos de protecci\u00f3n de datos:<\/p>\n<ul>\n<li>Derecho a acceder a la informaci\u00f3n que tenemos sobre usted, actualizarla o eliminarla.<\/li>\n<li>Derecho de rectificaci\u00f3n.<\/li>\n<li>Derecho de oposici\u00f3n.<\/li>\n<li>El derecho de restricci\u00f3n.<\/li>\n<li>Derecho a la portabilidad de los datos<\/li>\n<li>Derecho a retirar el consentimiento<\/li>\n<\/ul>\n<h2>Archivos de registro<\/h2>\n<p>topnova.properties sigue un procedimiento est\u00e1ndar de uso de archivos de registro. Estos archivos registran a los visitantes cuando visitan los sitios web. Todas las empresas de alojamiento lo hacen y forma parte de los an\u00e1lisis de los servicios de alojamiento. La informaci\u00f3n recogida por los archivos de registro incluye direcciones de protocolo de Internet (IP), tipo de navegador, proveedor de servicios de Internet (ISP), sello de fecha y hora, p\u00e1ginas de referencia\/salida y, posiblemente, el n\u00famero de clics. No est\u00e1n vinculadas a ninguna informaci\u00f3n que permita la identificaci\u00f3n personal. La finalidad de la informaci\u00f3n es analizar tendencias, administrar el sitio, seguir los movimientos de los usuarios en el sitio web y recopilar informaci\u00f3n demogr\u00e1fica.<\/p>\n<h2>Pol\u00edtica de privacidad<\/h2>\n<p>Puede consultar esta lista para encontrar la Pol\u00edtica de Privacidad de cada uno de los socios publicitarios de topnova.properties.<\/p>\n<p>Los servidores o redes publicitarias de terceros utilizan tecnolog\u00edas como cookies, JavaScript o Web Beacons que se utilizan en sus respectivos anuncios y enlaces que aparecen en topnova.properties, que se env\u00edan directamente al navegador de los usuarios. Cuando esto ocurre, reciben autom\u00e1ticamente su direcci\u00f3n IP. Estas tecnolog\u00edas se utilizan para medir la eficacia de sus campa\u00f1as publicitarias y\/o personalizar el contenido publicitario que usted ve en los sitios web que visita.<\/p>\n<p>Tenga en cuenta que topnova.properties no tiene acceso ni control sobre estas cookies que son utilizados por los anunciantes de terceros.<\/p>\n<h2>Pol\u00edticas de privacidad de terceros<\/h2>\n<p>La pol\u00edtica de privacidad de topnova.properties no se aplica a otros anunciantes o sitios web. Por lo tanto, le aconsejamos que consulte las respectivas pol\u00edticas de privacidad de estos servidores de anuncios de terceros para obtener informaci\u00f3n m\u00e1s detallada. Puede incluir sus pr\u00e1cticas e instrucciones sobre c\u00f3mo excluirse de determinadas opciones.<\/p>\n<p>Puede optar por desactivar las cookies a trav\u00e9s de las opciones individuales de su navegador. Para conocer informaci\u00f3n m\u00e1s detallada sobre la gesti\u00f3n de cookies con navegadores web espec\u00edficos, puede consultar las p\u00e1ginas web respectivas de los navegadores.<\/p>\n<h2>Informaci\u00f3n para ni\u00f1os<\/h2>\n<p>Otra parte de nuestra prioridad es a\u00f1adir protecci\u00f3n para los ni\u00f1os en el uso de Internet. Animamos a los padres y tutores a que observen, participen y\/o supervisen y gu\u00eden su actividad en Internet.<\/p>\n<p>topnova.properties no recopila conscientemente ninguna Informaci\u00f3n de Identificaci\u00f3n Personal de ni\u00f1os menores de 13 a\u00f1os. Si cree que su hijo ha facilitado este tipo de informaci\u00f3n en nuestro sitio web, le recomendamos encarecidamente que se ponga en contacto con nosotros inmediatamente y haremos todo lo posible por eliminar r\u00e1pidamente dicha informaci\u00f3n de nuestros registros.<\/p>\n<h2>Pol\u00edtica de privacidad en l\u00ednea<\/h2>\n<p>Nuestra pol\u00edtica de privacidad se aplica \u00fanicamente a nuestras actividades en l\u00ednea y es v\u00e1lida para los visitantes de nuestro sitio web con respecto a la informaci\u00f3n que compartieron y\/o recopilan en topnova.properties. Esta pol\u00edtica no es aplicable a ninguna informaci\u00f3n recopilada fuera de l\u00ednea o a trav\u00e9s de canales distintos de este sitio web.<\/p>\n<h2>Consentimiento<\/h2>\n<p>Al utilizar nuestro sitio web, usted acepta nuestra Pol\u00edtica de privacidad y est\u00e1 de acuerdo con sus t\u00e9rminos.<\/p>\n\t\t\t\t\t\t\t\t<\/div>\n\t\t\t\t<\/div>\n\t\t\t\t\t<\/div>\n\t\t<\/div>\n\t\t\t\t\t<\/div>\n\t\t<\/section>\n\t\t\t\t<\/div>\n\t\t","protected":false},"excerpt":{"rendered":"<p>Pol\u00edtica de privacidad de Top Nova Properties En topnova.properties, accesible desde http:\/\/topnova.properties\/, una de nuestras principales prioridades es la privacidad de nuestros visitantes. Este documento de Pol\u00edtica de Privacidad contiene tipos de informaci\u00f3n que es recogida y registrada por topnova.properties y c\u00f3mo la utilizamos. Si tiene m\u00e1s preguntas o necesita m\u00e1s informaci\u00f3n sobre nuestra Pol\u00edtica [&hellip;]<\/p>\n","protected":false},"author":1,"featured_media":0,"parent":0,"menu_order":0,"comment_status":"closed","ping_status":"closed","template":"elementor_header_footer","meta":{"_acf_changed":false,"footnotes":""},"class_list":["post-226572","page","type-page","status-publish","hentry"],"acf":[],"_links":{"self":[{"href":"https:\/\/topnova.properties\/es\/wp-json\/wp\/v2\/pages\/226572","targetHints":{"allow":["GET"]}}],"collection":[{"href":"https:\/\/topnova.properties\/es\/wp-json\/wp\/v2\/pages"}],"about":[{"href":"https:\/\/topnova.properties\/es\/wp-json\/wp\/v2\/types\/page"}],"author":[{"embeddable":true,"href":"https:\/\/topnova.properties\/es\/wp-json\/wp\/v2\/users\/1"}],"replies":[{"embeddable":true,"href":"https:\/\/topnova.properties\/es\/wp-json\/wp\/v2\/comments?post=226572"}],"version-history":[{"count":1,"href":"https:\/\/topnova.properties\/es\/wp-json\/wp\/v2\/pages\/226572\/revisions"}],"predecessor-version":[{"id":226573,"href":"https:\/\/topnova.properties\/es\/wp-json\/wp\/v2\/pages\/226572\/revisions\/226573"}],"wp:attachment":[{"href":"https:\/\/topnova.properties\/es\/wp-json\/wp\/v2\/media?parent=226572"}],"curies":[{"name":"wp","href":"https:\/\/api.w.org\/{rel}","templated":true}]}}